{"id":11,"date":"2014-05-09T23:57:10","date_gmt":"2014-05-09T21:57:10","guid":{"rendered":"http:\/\/www.bipgu.com\/?page_id=11"},"modified":"2018-05-30T13:49:05","modified_gmt":"2018-05-30T11:49:05","slug":"aviso-legal","status":"publish","type":"page","link":"https:\/\/bipgu.es\/en\/aviso-legal\/","title":{"rendered":"Legal Notice"},"content":{"rendered":"<p>Condiciones generales de uso del Portal\u00a0<a href=\"http:\/\/bipgu.es\/en\/\">http:\/\/bipgu.es<\/a><\/p>\n<p>El dominio\u00a0<a href=\"http:\/\/bipgu.es\/en\/\">http:\/\/bipgu.es<\/a>\u00a0(en adelante el Portal) es titularidad de la Biblioteca de Investigadores de la Provincia de Guadalajara (BIPGU) con sede principal en el Centro San Jos\u00e9. Calle Atienza 4, 19003, Guadalajara. BIPGU pertenence a la DIPUTACI\u00d3N PROVINCIAL DE GUADALAJARA, con CIF n\u00famero P1900000I, con sede principal en Plaza de Moreno, 10, 19001 Guadalajara. Puede contactar con el centro en la citada direcci\u00f3n postal o en la direcci\u00f3n de correo electr\u00f3ncio\u00a0<a href=\"mailto:b.investigadores@dguadalajara.es\">b.investigadores@dguadalajara.es<\/a><\/p>\n<p>Este Portal tiene por objeto principal facilitar a los usuarios informaci\u00f3n relativa a la Biblioteca de Investigadores de la Provincia de Guadalajara (BIPGU). As\u00ed mismo, pretende facilitar acceso a la base de datos de im\u00e1genes a investigadores y p\u00fablico en general.<\/p>\n<p>Todo usuario de este Portal, por el mero acceso a este, consiente las condiciones establecidas a continuaci\u00f3n:<\/p>\n<h2>Acceso<\/h2>\n<p>El acceso al Portal es libre, salvo en el \u00e1rea privada, cuyo acceso est\u00e1 reservado a usuarios autorizados por la propia Biblioteca de Investigadores de la Provincia de Guadalajara. Estos deber\u00e1n acceder mediante su propio identificador de usuario y una contrase\u00f1a. Queda prohibido el acceso o intento de acceso a este \u00e1rea privada del Portal sin previa autorizaci\u00f3n de la Biblioteca de Investigadores de la Provincia de Guadalajara. Los usuarios autorizados \u00fanicamente utilizar\u00e1n su usuario personal y contrase\u00f1a, quedando totalmente prohibido el acceso con los datos de otro usuario. Cada usuario autorizado se hace responsable de la custodia de su usuario y contrase\u00f1a personales, eximiendo a la Biblioteca de Investigadores de la Provincia de Guadalajara de cualquier responsabilidad al respecto.<\/p>\n<h2>Denegaci\u00f3n y retirada del acceso al Portal y\/o Servicios<\/h2>\n<p>La Biblioteca de Investigadores de la Provincia de Guadalajara se reserva el derecho a denegar o retirar el acceso al Portal y\/o a los Servicios, en cualquier momento y sin necesidad de previo aviso a aquellos usuarios que incumplan estas Condiciones Generales.<\/p>\n<h2>Modificaciones de la p\u00e1gina e interrupciones o errores en el acceso<\/h2>\n<p>La Biblioteca de Investigadores de la Provincia de Guadalajara se reserva la facultad de efectuar, en cualquier momento y sin necesidad de previo aviso, modificaciones y actualizaciones de la informaci\u00f3n contenida en la p\u00e1gina Web, de la configuraci\u00f3n y presentaci\u00f3n de \u00e9sta y de las condiciones de acceso.<\/p>\n<p>La Biblioteca de Investigadores de la Provincia de Guadalajara no es responsable de los fallos que se produzcan en las comunicaciones, no garantizando la disponibilidad y continuidad del funcionamiento del portal y de los servicios, por ello la Biblioteca de Investigadores de la Provincia de Guadalajara no garantiza la inexistencia de interrupciones o errores en el acceso a la p\u00e1gina Web o a su contenido. La Biblioteca de Investigadores de la Provincia de Guadalajara llevar\u00e1 a cabo, siempre que no concurran causas que lo hagan imposible o de dif\u00edcil ejecuci\u00f3n, y tan pronto tenga noticia de los errores, desconexiones o falta de actualizaci\u00f3n en los contenidos, todas aquellas labores tendentes a subsanar los errores, restablecer la comunicaci\u00f3n y actualizar los contenidos.<\/p>\n<h2> Denegaci\u00f3n y retirada del acceso al Portal y\/o Servicios<\/h2>\n<p>La Biblioteca de Investigadores de la Provincia de Guadalajara se reserva el derecho a denegar o retirar el acceso al Portal y\/o a los Servicios, en cualquier momento y sin necesidad de previo aviso a aquellos usuarios que incumplan estas Condiciones Generales.<\/p>\n<h2>Modificaciones de la p\u00e1gina e interrupciones o errores en el acceso<\/h2>\n<p>La Biblioteca de Investigadores de la Provincia de Guadalajara se reserva la facultad de efectuar, en cualquier momento y sin necesidad de previo aviso, modificaciones y actualizaciones de la informaci\u00f3n contenida en la p\u00e1gina Web, de la configuraci\u00f3n y presentaci\u00f3n de \u00e9sta y de las condiciones de acceso.<\/p>\n<p>La Biblioteca de Investigadores de la Provincia de Guadalajara no es responsable de los fallos que se produzcan en las comunicaciones, no garantizando la disponibilidad y continuidad del funcionamiento del portal y de los servicios, por ello La Biblioteca de Investigadores de la Provincia de Guadalajara no garantiza la inexistencia de interrupciones o errores en el acceso a la p\u00e1gina Web o a su contenido. La Biblioteca de Investigadores de la Provincia de Guadalajara llevar\u00e1 a cabo, siempre que no concurran causas que lo hagan imposible o de dif\u00edcil ejecuci\u00f3n, y tan pronto tenga noticia de los errores, desconexiones o falta de actualizaci\u00f3n en los contenidos, todas aquellas labores tendentes a subsanar los errores, restablecer la comunicaci\u00f3n y actualizar los contenidos.<\/p>\n<h2>Obligaci\u00f3n de hacer un uso correcto del Portal, Servicios y Contenidos:<\/h2>\n<p><b>El Usuario:<\/b><\/p>\n<p>El usuario se compromete a utilizar el Portal, los Servicios, los Contenidos y estas Condiciones Generales de conformidad con la ley, la moral, las buenas costumbres y el orden p\u00fablico.<\/p>\n<p>Se obliga a usar el Portal, los Servicios y los Contenidos de forma diligente, correcta y l\u00edcita y, en particular, se compromete a abstenerse de:<\/p>\n<ul>\n<li>Reproducir o copiar, distribuir, permitir el acceso del p\u00fablico a trav\u00e9s de cualquier modalidad de comunicaci\u00f3n p\u00fablica, transformar o modificar los contenidos, a menos que, se cuente con la autorizaci\u00f3n del titular de los correspondientes derechos o ello resulte legalmente permitido;<\/li>\n<li>Suprimir, eludir o manipular el \u00abcopyright\u00bb y dem\u00e1s datos identificativos de los derechos de sus titulares incorporados a los contenidos, as\u00ed como los dispositivos t\u00e9cnicos de protecci\u00f3n, o cualesquiera mecanismos de informaci\u00f3n que pudieren contener los contenidos.<\/li>\n<li>Utilizar cualquier informaci\u00f3n de car\u00e1cter personal del portal, salvo nombre, apellidos, email, tel\u00e9fono y direcci\u00f3n. En todo caso, esta informaci\u00f3n \u00fanicamente podr\u00e1 utilizarla el usuario a efectos de contactar con la Biblioteca de Investigadores de la Provincia de Guadalajara para interesarse por sus servicios y solicitar informaci\u00f3n. Queda expresamente prohibido todo uso o manipulaci\u00f3n de las im\u00e1genes contenidas en el portal.<\/li>\n<\/ul>\n<p><b>El Portal<\/b>:<\/p>\n<p>La Biblioteca de Investigadores de la Provincia de Guadalajara no controla ni garantiza la ausencia de virus ni de otros elementos en los contenidos que puedan producir alteraciones en el sistema inform\u00e1tico (software y hardware) o en los documentos electr\u00f3nicos y ficheros almacenados en el sistema inform\u00e1tico del usuario.<\/p>\n<p>Toda la informaci\u00f3n contenida en esta Web, tiene car\u00e1cter meramente informativo y puede contener errores. La pol\u00edtica de la Biblioteca de Investigadores de la Provincia de Guadalajara es tratar de que los contenidos est\u00e9n siempre actualizados, pero no se hace responsable de esta actualizaci\u00f3n.<\/p>\n<h2>Seguridad<\/h2>\n<p>La Biblioteca de Investigadores de la Provincia de Guadalajara ha adoptado las medidas de \u00edndole t\u00e9cnica para garantizar la seguridad de la informaci\u00f3n y reducir los riesgos de seguridad. No obstante, la Biblioteca de Investigadores de la Provincia de Guadalajara no puede garantizar la invulnerabilidad absoluta de sus sistemas de seguridad, por lo que excluye cualquier tipo de responsabilidad por da\u00f1os y perjuicios de toda naturaleza que puedan deberse a la presencia de virus u otros elementos que puedan producir alteraciones en el sistema inform\u00e1tico (software y hardware), documentos electr\u00f3nicos y ficheros del usuario o de cualquier tercero, incluyendo los que se produzcan en los servicios prestados por terceros a trav\u00e9s de este Portal.<\/p>\n<p>Los usuarios quedan informados de que la utilizaci\u00f3n de los sistemas electr\u00f3nicos de transmisi\u00f3n de datos y el correo electr\u00f3nico no ofrecen garant\u00edas absolutas de seguridad. El usuario y la Biblioteca de Investigadores de la Provincia de Guadalajara se exoneran mutuamente de cualquier responsabilidad derivada de hechos como la no recepci\u00f3n o la demora de la misma, el error o intercepci\u00f3n de las comunicaciones.<\/p>\n<h2>Pol\u00edtica de Privacidad<\/h2>\n<p><a href=\"http:\/\/www.boe.es\/buscar\/doc.php?id=DOUE-L-2016-80807\" target=\"_blank\">Reglamento General de Protecci\u00f3n de Datos (RGPD)<\/a><\/p>\n<p>Esta ley beneficia a todas las personas para que las empresas y entidades que manejan informaci\u00f3n personal, lo hagan de forma controlada y con el pleno conocimiento por parte de las personas afectadas.<br \/>\n<b>\u00bfQu\u00e9 es un dato personal?<\/b><\/p>\n<p>Es toda informaci\u00f3n sobre una persona f\u00edsica identificada o identificable, ya sea un nombre, un DNI, datos de localizaci\u00f3n, un identificador en l\u00ednea o uno o varios elementos propios de la identidad f\u00edsica, fisiol\u00f3gica, gen\u00e9tica, ps\u00edquica, econ\u00f3mica, cultural o social de dicha persona.<\/p>\n<p><b>\u00bfQu\u00e9 es RGPD?<\/b><\/p>\n<p>El nuevo r\u00e9gimen propuesto de protecci\u00f3n de datos de la UE ampl\u00eda el \u00e1mbito de aplicaci\u00f3n de la legislaci\u00f3n de protecci\u00f3n de datos de la UE a todas las empresas extranjeras que procesan datos de residentes de la UE. Proporciona una armonizaci\u00f3n de los reglamentos de protecci\u00f3n de datos en toda la UE, facilitando as\u00ed que las empresas no europeas cumplan estas normas; sin embargo, esto se produce a costa de un estricto r\u00e9gimen de cumplimiento de la protecci\u00f3n de datos con severas sanciones de hasta el 4% del volumen de negocios mundial.<\/p>\n<p><b>Consentimiento expl\u00edcito<\/b><\/p>\n<p>Se anula el consentimiento impl\u00edcito que en muchos tratamientos de datos se ven\u00eda haciendo y se implanta un consentimiento expreso y expl\u00edcito real.<\/p>\n<p>Con el nuevo reglamento, el consentimiento tiene que informar de cu\u00e1les van a ser los objetivos del tratamiento y del responsable del mismo.<\/p>\n<p><b>Privacidad por defecto<\/b><\/p>\n<p>Cualquier dise\u00f1o de nuevas actividades debe tener en cuenta la privacidad de los datos de car\u00e1cter personal desde su dise\u00f1o inicial. La privacidad pasa a estar presente desde el inicio de cualquier proyecto.<\/p>\n<p>Los procedimientos implantados tienen que reflejar la realidad de la Diputaci\u00f3n y pueden ser auditados en cualquier momento.<\/p>\n<p>Existir\u00e1n procedimientos pr\u00e1cticos relacionados con los backups, retenci\u00f3n, cifrado, etc<\/p>\n<p>El RGPD mejora los derechos que ya ten\u00edan las personas en la antigua LOPD y crea otros nuevos derechos<\/p>\n<p>    <a href=\"https:\/\/www.aepd.es\/reglamento\/derechos\/index.html\" target=\"_blank\">Derecho al olvido.<\/a><br \/>\n    <a href=\"https:\/\/www.aepd.es\/reglamento\/derechos\/index.html\" target=\"_blank\">Derecho de portabilidad.<\/a><br \/>\n    <a href=\"https:\/\/www.aepd.es\/reglamento\/derechos\/index.html\" target=\"_blank\">Derecho de oposici\u00f3n.<\/a><\/p>\n<p>As\u00ed, todos los datos comunicados por el usuario a trav\u00e9s de la presente p\u00e1gina Web se incluir\u00e1n en un fichero de datos de car\u00e1cter personal creado por y bajo la responsabilidad de la DIPUTACI\u00d3N PROVINCIAL DE GUADALAJARA, inscrito en el Registro General de Protecci\u00f3n de Datos. Estos datos se encuadrar\u00e1n en el fichero correspondiente en virtud de la solicitud del usuario y la finalidad para la que comunica sus datos.<\/p>\n<p>El usuario declara ser el titular de los datos o estar autorizado para la cesi\u00f3n de estos a la DIPUTACI\u00d3N PROVINCIAL DE GUADALAJARA y para el cumplimiento de la presente pol\u00edtica de privacidad.<\/p>\n<p>Los mencionados datos ser\u00e1n tratados para la atenci\u00f3n de solicitudes, consultas, quejas y reclamaciones que el usuario desee realizar. En el caso de ser usuario del \u00e1rea privada del Portal, sus datos inicialmente ser\u00e1n tratados para la gesti\u00f3n de alta y registro de usuario.<\/p>\n<p>En este sentido, el usuario, mediante la comunicaci\u00f3n de sus datos consiente expresamente el tratamiento, informatizado o no, de los datos para los indicados fines, como la cesi\u00f3n a terceros de sus datos para las mismas finalidades.<\/p>\n<p>El afectado podr\u00e1 ejercitar sus derechos de acceso, rectificaci\u00f3n, cancelaci\u00f3n y oposici\u00f3n dirigi\u00e9ndose a la DIPUTACI\u00d3N PROVINCIAL DE GUADALAJARA mediante carta enviada con referencia \u00abProtecci\u00f3n de Datos\u00bb a la direcci\u00f3n se\u00f1alada en las presentes condiciones.<\/p>\n<h2>P\u00e1ginas enlazadas o links<\/h2>\n<p>La Biblioteca de Investigadores de la Provincia de Guadalajara no se hace responsable de los enlaces e hipertexto que posibiliten, a trav\u00e9s de esta Web a acceder al usuario a prestaciones y servicios ofrecidos por terceros, no pertenecen ni se encuentran bajo el control de la Biblioteca de Investigadores de la Provincia de Guadalajara; no ser\u00e1 responsable ni de la informaci\u00f3n contenida en los mismos ni de cualesquiera efectos que pudieran derivarse de dicha informaci\u00f3n.<\/p>\n<p>La Biblioteca de Investigadores de la Provincia de Guadalajara no tiene control ni conocimiento continuo sobre los contenidos de estos enlaces. En el caso de que cualquier usuario o un tercero, considerara que el contenido o los servicios prestados por las p\u00e1ginas enlazadas son il\u00edcitos, vulneran valores o principios constitucionales, o lesionan bienes o derechos del propio usuario o de un tercero se ruega que se comunique inmediatamente a la Biblioteca de Investigadores de la Provincia de Guadalajara en la direcci\u00f3n indicada al inicio de las presentes condiciones de uso, y especialmente si los enlaces consisten en:<\/p>\n<ul>\n<li>Actividades o contenidos susceptibles de ser considerados delictivos conforme la normativa penal espa\u00f1ola.<\/li>\n<li>Actividades o contenidos que violen derechos de propiedad intelectual o industrial.<\/li>\n<li>Actividades o contenidos que pongan en peligro el orden p\u00fablico, la investigaci\u00f3n penal, la seguridad p\u00fablica y la defensa nacional.<\/li>\n<li>Actividades o contenidos que pongan en peligro la protecci\u00f3n de la salud p\u00fablica, el respeto a la dignidad de la persona, al principio de no discriminaci\u00f3n, la protecci\u00f3n de la salud y la infancia o cualquier otro valor o principio constitucional.<\/li>\n<\/ul>\n<h2>Fuero jurisdiccional<\/h2>\n<p>Las presentes condiciones est\u00e1n redactadas en lengua espa\u00f1ola y se encuentran sometidas a la legislaci\u00f3n espa\u00f1ola vigente. Para cualquier tipo de controversia derivada de la utilizaci\u00f3n de los servicios ofrecidos o de los contenidos propios del portal las partes, con la aceptaci\u00f3n de estas condiciones, las mismas se someter\u00e1n a los Tribunales y Juzgados de Guadalajara (Espa\u00f1a).<\/p>","protected":false},"excerpt":{"rendered":"<p>Condiciones generales de uso del Portal\u00a0http:\/\/bipgu.es El dominio\u00a0http:\/\/bipgu.es\u00a0(en adelante el Portal) es titularidad de la Biblioteca de Investigadores de la Provincia de Guadalajara (BIPGU) con sede principal en el Centro [&hellip;]<\/p>","protected":false},"author":16594,"featured_media":0,"parent":0,"menu_order":0,"comment_status":"closed","ping_status":"closed","template":"","meta":{"_acf_changed":false,"ocean_post_layout":"","ocean_both_sidebars_style":"","ocean_both_sidebars_content_width":0,"ocean_both_sidebars_sidebars_width":0,"ocean_sidebar":"","ocean_second_sidebar":"","ocean_disable_margins":"enable","ocean_add_body_class":"","ocean_shortcode_before_top_bar":"","ocean_shortcode_after_top_bar":"","ocean_shortcode_before_header":"","ocean_shortcode_after_header":"","ocean_has_shortcode":"","ocean_shortcode_after_title":"","ocean_shortcode_before_footer_widgets":"","ocean_shortcode_after_footer_widgets":"","ocean_shortcode_before_footer_bottom":"","ocean_shortcode_after_footer_bottom":"","ocean_display_top_bar":"default","ocean_display_header":"default","ocean_header_style":"","ocean_center_header_left_menu":"","ocean_custom_header_template":"","ocean_custom_logo":0,"ocean_custom_retina_logo":0,"ocean_custom_logo_max_width":0,"ocean_custom_logo_tablet_max_width":0,"ocean_custom_logo_mobile_max_width":0,"ocean_custom_logo_max_height":0,"ocean_custom_logo_tablet_max_height":0,"ocean_custom_logo_mobile_max_height":0,"ocean_header_custom_menu":"","ocean_menu_typo_font_family":"","ocean_menu_typo_font_subset":"","ocean_menu_typo_font_size":0,"ocean_menu_typo_font_size_tablet":0,"ocean_menu_typo_font_size_mobile":0,"ocean_menu_typo_font_size_unit":"px","ocean_menu_typo_font_weight":"","ocean_menu_typo_font_weight_tablet":"","ocean_menu_typo_font_weight_mobile":"","ocean_menu_typo_transform":"","ocean_menu_typo_transform_tablet":"","ocean_menu_typo_transform_mobile":"","ocean_menu_typo_line_height":0,"ocean_menu_typo_line_height_tablet":0,"ocean_menu_typo_line_height_mobile":0,"ocean_menu_typo_line_height_unit":"","ocean_menu_typo_spacing":0,"ocean_menu_typo_spacing_tablet":0,"ocean_menu_typo_spacing_mobile":0,"ocean_menu_typo_spacing_unit":"","ocean_menu_link_color":"","ocean_menu_link_color_hover":"","ocean_menu_link_color_active":"","ocean_menu_link_background":"","ocean_menu_link_hover_background":"","ocean_menu_link_active_background":"","ocean_menu_social_links_bg":"","ocean_menu_social_hover_links_bg":"","ocean_menu_social_links_color":"","ocean_menu_social_hover_links_color":"","ocean_disable_title":"default","ocean_disable_heading":"default","ocean_post_title":"","ocean_post_subheading":"","ocean_post_title_style":"","ocean_post_title_background_color":"","ocean_post_title_background":0,"ocean_post_title_bg_image_position":"","ocean_post_title_bg_image_attachment":"","ocean_post_title_bg_image_repeat":"","ocean_post_title_bg_image_size":"","ocean_post_title_height":0,"ocean_post_title_bg_overlay":0.5,"ocean_post_title_bg_overlay_color":"","ocean_disable_breadcrumbs":"default","ocean_breadcrumbs_color":"","ocean_breadcrumbs_separator_color":"","ocean_breadcrumbs_links_color":"","ocean_breadcrumbs_links_hover_color":"","ocean_display_footer_widgets":"default","ocean_display_footer_bottom":"default","ocean_custom_footer_template":"","footnotes":""},"class_list":["post-11","page","type-page","status-publish","hentry","entry","owp-thumbs-layout-horizontal","owp-btn-normal","owp-tabs-layout-horizontal","has-no-thumbnails","has-product-nav"],"acf":[],"_links":{"self":[{"href":"https:\/\/bipgu.es\/en\/wp-json\/wp\/v2\/pages\/11","targetHints":{"allow":["GET"]}}],"collection":[{"href":"https:\/\/bipgu.es\/en\/wp-json\/wp\/v2\/pages"}],"about":[{"href":"https:\/\/bipgu.es\/en\/wp-json\/wp\/v2\/types\/page"}],"author":[{"embeddable":true,"href":"https:\/\/bipgu.es\/en\/wp-json\/wp\/v2\/users\/16594"}],"replies":[{"embeddable":true,"href":"https:\/\/bipgu.es\/en\/wp-json\/wp\/v2\/comments?post=11"}],"version-history":[{"count":2,"href":"https:\/\/bipgu.es\/en\/wp-json\/wp\/v2\/pages\/11\/revisions"}],"predecessor-version":[{"id":33553,"href":"https:\/\/bipgu.es\/en\/wp-json\/wp\/v2\/pages\/11\/revisions\/33553"}],"wp:attachment":[{"href":"https:\/\/bipgu.es\/en\/wp-json\/wp\/v2\/media?parent=11"}],"curies":[{"name":"wp","href":"https:\/\/api.w.org\/{rel}","templated":true}]}}