{"id":33575,"date":"2019-01-11T12:21:16","date_gmt":"2019-01-11T11:21:16","guid":{"rendered":"http:\/\/bipgu.es\/?page_id=33575"},"modified":"2023-02-27T17:06:45","modified_gmt":"2023-02-27T16:06:45","slug":"busqueda-avanzada-2","status":"publish","type":"page","link":"https:\/\/bipgu.es\/en\/busqueda-avanzada-2\/","title":{"rendered":"Busqueda Avanzada"},"content":{"rendered":"<div data-elementor-type=\"wp-post\" data-elementor-id=\"33575\" class=\"elementor elementor-33575\">\n\t\t\t\t\t\t<section class=\"elementor-section elementor-top-section elementor-element elementor-element-3b31bbd9 elementor-section-stretched elementor-section-boxed elementor-section-height-default elementor-section-height-default\" data-id=\"3b31bbd9\" data-element_type=\"section\" data-settings=\"{&quot;background_background&quot;:&quot;classic&quot;,&quot;stretch_section&quot;:&quot;section-stretched&quot;}\">\n\t\t\t\t\t\t<div class=\"elementor-container elementor-column-gap-default\">\n\t\t\t\t\t<div class=\"elementor-column elementor-col-100 elementor-top-column elementor-element elementor-element-5a0360bf\" data-id=\"5a0360bf\" data-element_type=\"column\">\n\t\t\t<div class=\"elementor-widget-wrap elementor-element-populated\">\n\t\t\t\t\t\t<div class=\"elementor-element elementor-element-4601bff5 elementor-widget elementor-widget-text-editor\" data-id=\"4601bff5\" data-element_type=\"widget\" data-widget_type=\"text-editor.default\">\n\t\t\t\t<div class=\"elementor-widget-container\">\n\t\t\t\t\t\t\t<p style=\"text-align: center;\">FIND WHAT YOU WANT<\/p>\t\t\t\t\t\t<\/div>\n\t\t\t\t<\/div>\n\t\t\t\t\t<\/div>\n\t\t<\/div>\n\t\t\t\t\t<\/div>\n\t\t<\/section>\n\t\t\t\t<section class=\"elementor-section elementor-top-section elementor-element elementor-element-fc02a47 elementor-section-boxed elementor-section-height-default elementor-section-height-default\" data-id=\"fc02a47\" data-element_type=\"section\">\n\t\t\t\t\t\t<div class=\"elementor-container elementor-column-gap-wide\">\n\t\t\t\t\t<div class=\"elementor-column elementor-col-50 elementor-top-column elementor-element elementor-element-b2ae405\" data-id=\"b2ae405\" data-element_type=\"column\">\n\t\t\t<div class=\"elementor-widget-wrap elementor-element-populated\">\n\t\t\t\t\t\t<div class=\"elementor-element elementor-element-a5adaa8 elementor-widget elementor-widget-text-editor\" data-id=\"a5adaa8\" data-element_type=\"widget\" data-widget_type=\"text-editor.default\">\n\t\t\t\t<div class=\"elementor-widget-container\">\n\t\t\t\t\t\t\t<p>B\u00fasqueda Simple<\/p>\t\t\t\t\t\t<\/div>\n\t\t\t\t<\/div>\n\t\t\t\t<div class=\"elementor-element elementor-element-ff3ac49 elementor-widget elementor-widget-shortcode\" data-id=\"ff3ac49\" data-element_type=\"widget\" data-widget_type=\"shortcode.default\">\n\t\t\t\t<div class=\"elementor-widget-container\">\n\t\t\t\t\t<div class=\"elementor-shortcode\"><form  class=\"is-search-form is-form-style is-form-style-3 is-form-id-65639\" action=\"\/en\/\" method=\"get\" role=\"search\" data-trp-original-action=\"https:\/\/bipgu.es\/en\/\" ><label for=\"is-search-input-65639\"><span class=\"is-screen-reader-text\">Search for:<\/span><input  type=\"search\" id=\"is-search-input-65639\" name=\"s\" value=\"\" class=\"is-search-input\" placeholder=\"Buscar...\" autocomplete=\"off\" \/><\/label><button type=\"submit\" class=\"is-search-submit\"><span class=\"is-screen-reader-text\">Search Button<\/span><span class=\"is-search-icon\"><svg focusable=\"false\" aria-label=\"Search\" xmlns=\"http:\/\/www.w3.org\/2000\/svg\" viewbox=\"0 0 24 24\" width=\"24px\"><path d=\"M15.5 14h-.79l-.28-.27C15.41 12.59 16 11.11 16 9.5 16 5.91 13.09 3 9.5 3S3 5.91 3 9.5 5.91 16 9.5 16c1.61 0 3.09-.59 4.23-1.57l.27.28v.79l5 4.99L20.49 19l-4.99-5zm-6 0C7.01 14 5 11.99 5 9.5S7.01 5 9.5 5 14 7.01 14 9.5 11.99 14 9.5 14z\"><\/path><\/svg><\/span><\/button><input type=\"hidden\" name=\"id\" value=\"65639\" \/><input type=\"hidden\" name=\"trp-form-language\" value=\"en\"\/><\/form><\/div>\n\t\t\t\t<\/div>\n\t\t\t\t<\/div>\n\t\t\t\t\t<\/div>\n\t\t<\/div>\n\t\t\t\t<div class=\"elementor-column elementor-col-50 elementor-top-column elementor-element elementor-element-2e4ef67\" data-id=\"2e4ef67\" data-element_type=\"column\">\n\t\t\t<div class=\"elementor-widget-wrap elementor-element-populated\">\n\t\t\t\t\t\t<div class=\"elementor-element elementor-element-e099adf elementor-widget elementor-widget-text-editor\" data-id=\"e099adf\" data-element_type=\"widget\" data-widget_type=\"text-editor.default\">\n\t\t\t\t<div class=\"elementor-widget-container\">\n\t\t\t\t\t\t\t<p>Advanced Search<\/p>\t\t\t\t\t\t<\/div>\n\t\t\t\t<\/div>\n\t\t\t\t<div class=\"elementor-element elementor-element-f23fefe elementor-widget elementor-widget-html\" data-id=\"f23fefe\" data-element_type=\"widget\" data-widget_type=\"html.default\">\n\t\t\t\t<div class=\"elementor-widget-container\">\n\t\t\t<div class=\"grid_12 alpha clearfix\">\r\n\r\n<form method=\"get\" id=\"advancedsearchform\" action=\"\/en\/busqueda-avanzada\/\" data-trp-original-action=\"\/busqueda-avanzada\/#resultados-busqueda\">\r\n\r\nAuthor or Section\r\n<div >\r\n \r\n\t<input type=\"text\" name=\"s_autor_o_seccion\" id=\"s_autor_o_seccion\"  value=\"\" style=\"float: left; width: 75%\">\r\n\t<select style=\"float: right; width: 15%\" name =\"s_autor_o_seccion_boolean\">\r\n\t    \r\n\t\t<option value=\"and\">Y<\/option>\r\n\t\t<option value=\"not\">NO<\/option>\r\n\t\t<!--<option value=\"or\">O<\/option>-->\r\n\t\t\r\n\t<\/select>\r\n<\/div>\r\n\r\n<br>\r\n<br>\r\nTitle\r\n<div >\r\n\t\r\n\t<input type=\"text\" name=\"s_titulo\" id=\"s_titulo\"  value=\"\" style=\"float: left; width: 75%\">\r\n\t<select style=\"float: right; width: 15%\" name=\"s_titulo_boolean\">\r\n\t\t<option value=\"and\">Y<\/option>\r\n\t\t<option value=\"not\">NO<\/option>\r\n\t\t<!--<option value=\"or\">O<\/option>-->\r\n\t<\/select>\r\n<\/div>\r\n<br>\r\n<br>\r\nEditorial:\r\n<div>\r\n\t \r\n\t<input type=\"text\" name=\"s_editorial\" id=\"s_editorial\"  value=\"\" style=\"float: left; width: 75%\">\r\n\t<select style=\"float: right; width: 15%\" name=\"s_editorial_boolean\">\r\n\t\t<option value=\"and\">Y<\/option>\r\n\t\t<option value=\"not\">NO<\/option>\r\n\t\t<!--<option value=\"or\">O<\/option>-->\r\n\t<\/select>\r\n<\/div>\r\n<br>\r\n<br>\r\nPlace:\r\n<div>\r\n\r\n\t<input type=\"text\" name=\"s_lugar\" id=\"s_lugar\"  value=\"\" style=\"float: left; width: 75%\">\r\n\t<select style=\"float: right; width: 15%\" name=\"s_lugar_boolean\">\r\n\t\t<option value=\"and\">Y<\/option>\r\n\t\t<option value=\"not\">NO<\/option>\r\n\t\t<!--<option value=\"or\">O<\/option>-->\r\n\t<\/select>\r\n<\/div>\r\n\r\n<br>\r\n<br>\r\n\r\nEmptying\r\n<div>\r\n\t \r\n\t<input type=\"text\" name=\"s_vaciado\" id=\"s_vaciado\"  value=\"\" style=\"float: left; width: 75%\">\r\n\t<select style=\"float: right; width: 15%\" name=\"s_vaciado_boolean\">\r\n\t\t<option value=\"and\">Y<\/option>\r\n\t\t<option value=\"not\">NO<\/option>\r\n\t\t<!--<option value=\"or\">O<\/option>-->\r\n\t<\/select>\r\n<\/div>\r\n\r\n<br>\r\n<br>\r\n\r\nDate\r\n<div>\r\n\t \r\n\t<input type=\"text\" name=\"s_fecha\" id=\"s_fecha\"  value=\"\" style=\"float: left; width: 75%\">\r\n\t<select style=\"float: right; width: 15%\" name=\"s_fecha_boolean\">\r\n\t\t<option value=\"and\">Y<\/option>\r\n\t\t<option value=\"not\">NO<\/option>\r\n\t\t<!--<option value=\"or\">O<\/option>-->\r\n\t<\/select>\r\n<\/div>\r\n\r\n<br>\r\n<br>\r\n\r\nISSN-ISBN \/ DL \/ NIPO:\r\n<div>\r\n\t\r\n\t<input type=\"text\" name=\"s_issn_isbn_dl_nipo\" id=\"s_issn_isbn_dl_nipo\"  value=\"\" style=\"float: left; width: 75%\">\r\n\t<select style=\"float: right; width: 15%\" name=\"s_issn_isbn_dl_nipo_boolean\">\r\n\t\t<option value=\"and\">Y<\/option>\r\n\t\t<option value=\"not\">NO<\/option>\r\n\t\t<!--<option value=\"or\">O<\/option>-->\r\n\t<\/select>\r\n<\/div>\r\n\r\n<br>\r\n<br>\r\n\r\nSummary:\r\n<div>\r\n\t \r\n\t<input type=\"text\" name=\"s_resumen\" id=\"s_resumen\"  value=\"\" style=\"float: left; width: 75%\">\r\n\t<select style=\"float: right; width: 15%\" name=\"s_resumen_boolean\">\r\n\t\t<option value=\"and\">Y<\/option>\r\n\t\t<option value=\"not\">NO<\/option>\r\n\t\t<!--<option value=\"or\">O<\/option>-->\r\n\t<\/select>\r\n<\/div>\r\n\r\n<br>\r\n<br>\r\n\r\nDescriptors\r\n\r\n<div>\r\n\t\r\n\t<input type=\"text\" name=\"s_descriptores\" id=\"s_descriptores\"  value=\"\" style=\"float: left; width: 75%\">\r\n\t<select style=\"float: right; width: 15%\" name=\"s_descriptores_boolean\">\r\n\t\t<option value=\"and\">Y<\/option>\r\n\t\t<option value=\"not\">NO<\/option>\r\n\t\t<!--<option value=\"or\">O<\/option>-->\r\n\t<\/select>\r\n<\/div>\r\n\r\n<br>\r\n<br>\r\n\r\n<div>\r\n\t<label for=\"fondo_o_archivo\">Fund or File:<\/label> \r\n\t<select name=\"s_taxononmia\" id=\"fondo_o_archivo\">\r\n\t\t<option value=\"entradaarchivo\" >Files<\/option>\t\r\n\t\t<option value=\"entradafondo\"  selected=\"selected\">General Fund<\/option>\r\n\t<\/select>\r\n<\/div>\r\n\r\n\r\n<input type=\"submit\" id=\"searchsubmit\" value=\"Search\" \/>\r\n<input type=\"hidden\" name=\"trp-form-language\" value=\"en\"\/><\/form>\r\n\r\n\r\n\r\n\r\n\r\n\r\n\r\n<\/div>\r\n\t\t<\/div>\n\t\t\t\t<\/div>\n\t\t\t\t\t<\/div>\n\t\t<\/div>\n\t\t\t\t\t<\/div>\n\t\t<\/section>\n\t\t\t\t<section class=\"elementor-section elementor-top-section elementor-element elementor-element-1a0b83f elementor-section-boxed elementor-section-height-default elementor-section-height-default\" data-id=\"1a0b83f\" data-element_type=\"section\">\n\t\t\t\t\t\t<div class=\"elementor-container elementor-column-gap-default\">\n\t\t\t\t\t<div class=\"elementor-column elementor-col-100 elementor-top-column elementor-element elementor-element-7d35985\" data-id=\"7d35985\" data-element_type=\"column\">\n\t\t\t<div class=\"elementor-widget-wrap elementor-element-populated\">\n\t\t\t\t\t\t<div class=\"elementor-element elementor-element-ed97611 elementor-widget-divider--view-line elementor-widget elementor-widget-divider\" data-id=\"ed97611\" data-element_type=\"widget\" data-widget_type=\"divider.default\">\n\t\t\t\t<div class=\"elementor-widget-container\">\n\t\t\t\t\t<div class=\"elementor-divider\">\n\t\t\t<span class=\"elementor-divider-separator\">\n\t\t\t\t\t\t<\/span>\n\t\t<\/div>\n\t\t\t\t<\/div>\n\t\t\t\t<\/div>\n\t\t\t\t\t<\/div>\n\t\t<\/div>\n\t\t\t\t\t<\/div>\n\t\t<\/section>\n\t\t\t\t<\/div>","protected":false},"excerpt":{"rendered":"<p>ENCUENTRA LO QUE BUSCAS B\u00fasqueda Simple B\u00fasqueda Avanzada Autor o Secci\u00f3n YNO T\u00edtulo: YNO Editorial: YNO Lugar: YNO Vaciado YNO Fecha YNO ISSN-ISBN \/ DL \/ NIPO: YNO Resumen: YNO [&hellip;]<\/p>","protected":false},"author":16594,"featured_media":0,"parent":0,"menu_order":0,"comment_status":"closed","ping_status":"closed","template":"","meta":{"_acf_changed":false,"ocean_post_layout":"","ocean_both_sidebars_style":"","ocean_both_sidebars_content_width":0,"ocean_both_sidebars_sidebars_width":0,"ocean_sidebar":"","ocean_second_sidebar":"","ocean_disable_margins":"enable","ocean_add_body_class":"","ocean_shortcode_before_top_bar":"","ocean_shortcode_after_top_bar":"","ocean_shortcode_before_header":"","ocean_shortcode_after_header":"","ocean_has_shortcode":"","ocean_shortcode_after_title":"","ocean_shortcode_before_footer_widgets":"","ocean_shortcode_after_footer_widgets":"","ocean_shortcode_before_footer_bottom":"","ocean_shortcode_after_footer_bottom":"","ocean_display_top_bar":"default","ocean_display_header":"default","ocean_header_style":"","ocean_center_header_left_menu":"","ocean_custom_header_template":"","ocean_custom_logo":0,"ocean_custom_retina_logo":0,"ocean_custom_logo_max_width":0,"ocean_custom_logo_tablet_max_width":0,"ocean_custom_logo_mobile_max_width":0,"ocean_custom_logo_max_height":0,"ocean_custom_logo_tablet_max_height":0,"ocean_custom_logo_mobile_max_height":0,"ocean_header_custom_menu":"","ocean_menu_typo_font_family":"","ocean_menu_typo_font_subset":"","ocean_menu_typo_font_size":0,"ocean_menu_typo_font_size_tablet":0,"ocean_menu_typo_font_size_mobile":0,"ocean_menu_typo_font_size_unit":"px","ocean_menu_typo_font_weight":"","ocean_menu_typo_font_weight_tablet":"","ocean_menu_typo_font_weight_mobile":"","ocean_menu_typo_transform":"","ocean_menu_typo_transform_tablet":"","ocean_menu_typo_transform_mobile":"","ocean_menu_typo_line_height":0,"ocean_menu_typo_line_height_tablet":0,"ocean_menu_typo_line_height_mobile":0,"ocean_menu_typo_line_height_unit":"","ocean_menu_typo_spacing":0,"ocean_menu_typo_spacing_tablet":0,"ocean_menu_typo_spacing_mobile":0,"ocean_menu_typo_spacing_unit":"","ocean_menu_link_color":"","ocean_menu_link_color_hover":"","ocean_menu_link_color_active":"","ocean_menu_link_background":"","ocean_menu_link_hover_background":"","ocean_menu_link_active_background":"","ocean_menu_social_links_bg":"","ocean_menu_social_hover_links_bg":"","ocean_menu_social_links_color":"","ocean_menu_social_hover_links_color":"","ocean_disable_title":"default","ocean_disable_heading":"default","ocean_post_title":"","ocean_post_subheading":"","ocean_post_title_style":"","ocean_post_title_background_color":"","ocean_post_title_background":0,"ocean_post_title_bg_image_position":"","ocean_post_title_bg_image_attachment":"","ocean_post_title_bg_image_repeat":"","ocean_post_title_bg_image_size":"","ocean_post_title_height":0,"ocean_post_title_bg_overlay":0.5,"ocean_post_title_bg_overlay_color":"","ocean_disable_breadcrumbs":"default","ocean_breadcrumbs_color":"","ocean_breadcrumbs_separator_color":"","ocean_breadcrumbs_links_color":"","ocean_breadcrumbs_links_hover_color":"","ocean_display_footer_widgets":"default","ocean_display_footer_bottom":"default","ocean_custom_footer_template":"","footnotes":""},"class_list":["post-33575","page","type-page","status-publish","hentry","entry","owp-thumbs-layout-horizontal","owp-btn-normal","owp-tabs-layout-horizontal","has-no-thumbnails","has-product-nav"],"acf":[],"_links":{"self":[{"href":"https:\/\/bipgu.es\/en\/wp-json\/wp\/v2\/pages\/33575","targetHints":{"allow":["GET"]}}],"collection":[{"href":"https:\/\/bipgu.es\/en\/wp-json\/wp\/v2\/pages"}],"about":[{"href":"https:\/\/bipgu.es\/en\/wp-json\/wp\/v2\/types\/page"}],"author":[{"embeddable":true,"href":"https:\/\/bipgu.es\/en\/wp-json\/wp\/v2\/users\/16594"}],"replies":[{"embeddable":true,"href":"https:\/\/bipgu.es\/en\/wp-json\/wp\/v2\/comments?post=33575"}],"version-history":[{"count":63,"href":"https:\/\/bipgu.es\/en\/wp-json\/wp\/v2\/pages\/33575\/revisions"}],"predecessor-version":[{"id":65727,"href":"https:\/\/bipgu.es\/en\/wp-json\/wp\/v2\/pages\/33575\/revisions\/65727"}],"wp:attachment":[{"href":"https:\/\/bipgu.es\/en\/wp-json\/wp\/v2\/media?parent=33575"}],"curies":[{"name":"wp","href":"https:\/\/api.w.org\/{rel}","templated":true}]}}